{"id":1648,"date":"2020-03-28T21:06:15","date_gmt":"2020-03-28T19:06:15","guid":{"rendered":"http:\/\/xn--respekt-fr-griechenland-kpc.de\/?page_id=1648"},"modified":"2021-04-05T19:28:48","modified_gmt":"2021-04-05T17:28:48","slug":"impressum","status":"publish","type":"page","link":"https:\/\/xn--respekt-fr-griechenland-kpc.de\/?page_id=1648","title":{"rendered":"Impressum"},"content":{"rendered":"<p><a href=\"http:\/\/www.respekt-fuer-griechenland.de\">www.respekt-fuer-griechenland.de<\/a><\/p>\n<p><strong>Vertretungsberechtigte Sprecher:<br \/><\/strong>Reiner Schiller-Dickhut, Mail: reiner.schiller-dickhut(at)respekt-fuer-griechenland.de<strong><br \/><\/strong>Hilde Schramm, Mail: hilde.schramm(at)respekt-fuer-griechenland.de<br \/>Herbert Nebel, Mail: herbert.nebel(at)respekt-fuer-griechenland.de<\/p>\n<p><strong>Postanschrift:<br \/><\/strong>Respekt f\u00fcr Griechenland e.V.<br \/>Beerenstra\u00dfe 39<br \/>14163 Berlin<\/p>\n<p><strong>Inhaltlich verantwortlich im Sinne des Presserechts und gem\u00e4\u00df MDStV (Mediendienstestaatsvertrag):<\/strong><br \/>Reiner Schiller-Dickhut<br \/>Dubrowstra\u00dfe 13<br \/>14163 Berlin<\/p>\n<p>F\u00fcr Beitr\u00e4ge, die namentlich gekennzeichnet sind, liegt die Verantwortung im Sinne des Presserechts beim Autor oder bei der Autorin.<\/p>\n<p><strong>Die Website wird betreut von:<\/strong><br \/>Klaus Harscher<\/p>\n<p><strong>Respekt f\u00fcr Griechenland Copyright-Hinweis<br \/><\/strong>Eigene Texte und Informationen von dieser Webseite k\u00f6nnen grunds\u00e4tzlich nur mit Quellenangabe weiterverwendet werden.<\/p>\n<p><strong>Haftungshinweis:<br \/><\/strong>Mit Urteil vom 12. Mai 1998 hat das Landgericht Hamburg entschieden, dass man die Inhalte einer auf seinen Seiten gelinkten Seite eventuell mit zu verantworten hat. Dies kann, laut Urteil, nur dadurch verhindert werden, dass man sich ausdr\u00fccklich von diesen Inhalten distanziert. Wir haben auf den Respekt-f\u00fcr-Griechenland-Seiten Links zu anderen Seiten im Internet gelegt. F\u00fcr alle diese Links gilt:\u00a0 alle mit der Internetpr\u00e4senz in Verbindung stehenden Personen erkl\u00e4ren ausdr\u00fccklich, dass sie keinerlei Einfluss auf die Gestaltung und die Inhalte der gelinkten Seiten haben. Deshalb distanzieren wir uns hiermit ausdr\u00fccklich von allen Inhalten aller gelinkten Seiten auf unserer Homepage (www.initiative-respekt-fuer-griechenland.de bzw. www.respekt-f\u00fcr-griechenland.de \/ www.respekt-fuer-griechenland.de) und machen uns deren Inhalte nicht zu Eigen. Diese Erkl\u00e4rung gilt f\u00fcr alle auf unserer Homepage angezeigten Links und f\u00fcr alle Inhalte der Seiten, zu denen die Banner und Links f\u00fchren.<\/p>\n<p><a href=\"https:\/\/xn--respekt-fr-griechenland-kpc.de\/wp-content\/uploads\/2020\/03\/RfG-Flyer_Feb2020.pdf\"><img loading=\"lazy\" decoding=\"async\" class=\"wp-image-1827 size-full aligncenter\" src=\"https:\/\/xn--respekt-fr-griechenland-kpc.de\/wp-content\/uploads\/2017\/04\/rfgreek.png\" alt=\"Flyer: Information und solidarische Praxis\" width=\"129\" height=\"113\" \/><\/a><\/p>\n<p><strong>DATENSCHUTZ<\/strong><\/p>\n<p>Die Nutzung unserer Webseite ist in der Regel ohne Angabe personenbezogener Daten m\u00f6glich. Soweit auf unseren Seiten personenbezogene Daten (beispielsweise Name, Anschrift oder E-Mail-Adressen) erhoben werden, erfolgt dies, soweit m\u00f6glich, stets auf freiwilliger Basis. Diese Daten werden ohne Ihre ausdr\u00fcckliche Zustimmung nicht an Dritte weitergegeben.<\/p>\n<p>Wir weisen darauf hin, dass die Daten\u00fcbertragung im Internet (z.B. bei der Kommunikation per E-Mail) Sicherheitsl\u00fccken aufweisen kann. Ein l\u00fcckenloser Schutz der Daten vor dem Zugriff durch Dritte ist nicht m\u00f6glich.<\/p>\n<p>Der Nutzung von im Rahmen der Impressumspflicht ver\u00f6ffentlichten Kontaktdaten durch Dritte zur \u00dcbersendung von nicht ausdr\u00fccklich angeforderter Werbung und Informationsmaterialien wird hiermit ausdr\u00fccklich widersprochen. Die Betreiber der Seiten behalten sich ausdr\u00fccklich rechtliche Schritte im Falle der unverlangten Zusendung von Werbeinformationen, etwa durch Spam-Mails, vor.<\/p>\n<p><strong>Auskunft, L\u00f6schung, Sperrung<\/strong><\/p>\n<p>Sie haben jederzeit das Recht auf unentgeltliche Auskunft \u00fcber Ihre gespeicherten personenbezogenen Daten, deren Herkunft und Empf\u00e4nger und den Zweck der Datenverarbeitung sowie ein Recht auf Berichtigung, Sperrung oder L\u00f6schung dieser Daten. Hierzu sowie zu weiteren Fragen zum Thema personenbezogene Daten k\u00f6nnen Sie sich jederzeit \u00fcber die oben im Impressum angegebene Adresse des Webseitenbetreibers an uns wenden.<\/p>\n\n","protected":false},"excerpt":{"rendered":"<p>www.respekt-fuer-griechenland.de Vertretungsberechtigte Sprecher:Reiner Schiller-Dickhut, Mail: reiner.schiller-dickhut(at)respekt-fuer-griechenland.deHilde Schramm, Mail: hilde.schramm(at)respekt-fuer-griechenland.deHerbert Nebel, Mail: herbert.nebel(at)respekt-fuer-griechenland.de Postanschrift:Respekt f\u00fcr Griechenland e.V.Beerenstra\u00dfe 3914163 Berlin Inhaltlich verantwortlich im Sinne des Presserechts und gem\u00e4\u00df MDStV (Mediendienstestaatsvertrag):Reiner Schiller-DickhutDubrowstra\u00dfe 1314163 Berlin F\u00fcr Beitr\u00e4ge, die namentlich gekennzeichnet sind, liegt die Verantwortung im Sinne des Presserechts beim Autor oder bei der Autorin. Die Website wird betreut von:Klaus &hellip; <a href=\"https:\/\/xn--respekt-fr-griechenland-kpc.de\/?page_id=1648\" class=\"more-link\"><span class=\"screen-reader-text\">\u201eImpressum\u201c<\/span> weiterlesen<\/a><\/p>\n","protected":false},"author":1,"featured_media":0,"parent":0,"menu_order":0,"comment_status":"closed","ping_status":"closed","template":"","meta":{"footnotes":""},"class_list":["post-1648","page","type-page","status-publish","hentry"],"_links":{"self":[{"href":"https:\/\/xn--respekt-fr-griechenland-kpc.de\/index.php?rest_route=\/wp\/v2\/pages\/1648","targetHints":{"allow":["GET"]}}],"collection":[{"href":"https:\/\/xn--respekt-fr-griechenland-kpc.de\/index.php?rest_route=\/wp\/v2\/pages"}],"about":[{"href":"https:\/\/xn--respekt-fr-griechenland-kpc.de\/index.php?rest_route=\/wp\/v2\/types\/page"}],"author":[{"embeddable":true,"href":"https:\/\/xn--respekt-fr-griechenland-kpc.de\/index.php?rest_route=\/wp\/v2\/users\/1"}],"replies":[{"embeddable":true,"href":"https:\/\/xn--respekt-fr-griechenland-kpc.de\/index.php?rest_route=%2Fwp%2Fv2%2Fcomments&post=1648"}],"version-history":[{"count":21,"href":"https:\/\/xn--respekt-fr-griechenland-kpc.de\/index.php?rest_route=\/wp\/v2\/pages\/1648\/revisions"}],"predecessor-version":[{"id":4778,"href":"https:\/\/xn--respekt-fr-griechenland-kpc.de\/index.php?rest_route=\/wp\/v2\/pages\/1648\/revisions\/4778"}],"wp:attachment":[{"href":"https:\/\/xn--respekt-fr-griechenland-kpc.de\/index.php?rest_route=%2Fwp%2Fv2%2Fmedia&parent=1648"}],"curies":[{"name":"wp","href":"https:\/\/api.w.org\/{rel}","templated":true}]}}