{"id":1404,"date":"2016-11-16T20:06:42","date_gmt":"2016-11-16T18:06:42","guid":{"rendered":"http:\/\/xn--respekt-fr-griechenland-kpc.de\/?page_id=1404"},"modified":"2016-11-16T21:14:50","modified_gmt":"2016-11-16T19:14:50","slug":"mit-den-hilfspaketen-wurden-europaeische-banken-gerettet-sagt-ein-beirat-beim-bmf","status":"publish","type":"page","link":"https:\/\/xn--respekt-fr-griechenland-kpc.de\/?page_id=1404","title":{"rendered":"Mit den Hilfspaketen wurden europ\u00e4ische Banken gerettet \u2013 sagt ein Beirat beim BMF"},"content":{"rendered":"<p><span style=\"font-size: 10pt;\"><span style=\"font-size: 12pt;\">Yannis Varoufakis sagte es, zahlreiche amerikanische Nobelpreistr\u00e4ger beklagten es, Ulrike Hermann hat es in zahlreichen Talkshows erkl\u00e4rt, die deutsche Griechenlandsolidarit\u00e4t sagt es ohnehin: \u201eDie Griechenland-Hilfen retteten fast nur Banken.\u201c\u00a0<\/span><\/span><\/p>\n<p><span style=\"font-size: 10pt;\"> <!--more-->Jedoch der deutsche Finanzminister (und sein Kronzeuge, die schw\u00e4bische Hausfrau) sah und sieht dies anders; mit einem fast religi\u00f6sen Verst\u00e4ndnis von Schulden (wie es ex-EU-Kommissionschef Prodi mal formulierte:es muss was mit Schuld zu tun haben) wurde \u201eG\u00fcrtel enger schnallen\u201c plus \u201eSchulden zur\u00fcckzahlen\u201c plus \u201eHausaufgaben machen\u201c als L\u00f6sung der griechischen Krise propagiert und zusammen mit europ\u00e4ischen Partnern gleicher neoliberaler Denkrichtung durchgesetzt.<\/span><\/p>\n<p><span style=\"font-size: 10pt;\">Nun haben \u201eunverd\u00e4chtige\u201c Wissenschaftler mal nachgerechnet. Und zwar das <strong>ESMT Berlin<\/strong> (Europ\u00e4ische Schule f\u00fcr Management und Technologie) und ist zu seltsamen Ergebnissen gekommen \u2013 die um den 4. und 5. Mai in allen gro\u00dfen deutschen Tageszeitungen und Magazinen nachzulesen waren. <em>Der Pr\u00e4sident des EMST, J\u00f6rg Rocholl, geh\u00f6rt \u00fcbrigens dem Wissenschaftlichen Beirat beim Bundesfinanzministerium an.<\/em><\/span><\/p>\n<p><span style=\"font-size: 12pt;\"><strong>Nur 5 Prozent der \u201eHilfen\u201c landeten im griechischen Staatshaushalt<\/strong><\/span><\/p>\n<p><span style=\"font-size: 10pt;\">\u201eEin Gro\u00dfteil der von den verschiedenen EU-Stabilit\u00e4tsprogrammen und dem <a href=\"http:\/\/www.faz.net\/aktuell\/wirtschaft\/thema\/iwf\" target=\"_blank\">IWF<\/a> bereitgestellten Milliarden wurden zur Zahlung bereits bestehender Schulden benutzt, letztlich sind also Forderungen privater Gl\u00e4ubiger auf \u00f6ffentliche Gl\u00e4ubiger \u00fcbertragen worden. Insbesondere f\u00fcr das erste und zweite Rettungspaket finden wir, dass nach Abzug von Zinsen, Schuldentilgung, den Kosten f\u00fcr die Rekapitalisierung der Banken und die Umschuldung weniger als 10 Milliarden Euro, beziehungsweise ein Anteil von weniger als 5 Prozent dem griechischen Staatshaushalt zur Verf\u00fcgung standen.\u201c (Faz 4.5. 2016 : Die Griechenland-Hilfen retteten fast nur Banken.)<\/span><\/p>\n<p><span style=\"font-size: 10pt;\">Im Einzelnen hat das ESMT errechnet: Miit 86,9 Milliarden Euro wurden alte Schulden abgel\u00f6st, 52,3 Milliarden Euro gingen f\u00fcr Zinszahlungen drauf und 37,3 Milliarden Euro wurden f\u00fcr die Rekapitalisierung der griechischen Banken genutzt. Doch sollen diese Institute seitdem rund 98 Prozent ihres B\u00f6rsenwertes verloren haben (Spiegel online 4.5. 2016: Studie \u00fcber Hilfsprogramme)<\/span><\/p>\n<p><span style=\"font-size: 10pt;\">Der Pr\u00e4sident des EMST sagte, dass ein Schuldenschnitt f\u00fcr Griechenland schon zu Beginn der Kreditprogramme 2010 vermutlich sinnvoller gewesen w\u00e4re. Zwar h\u00e4tte die Bundesregierung dann m\u00f6glicherweise auch deutsche Banken mit Staatshilfe st\u00fctzen m\u00fcssen. \u201eAber es w\u00e4re zumindest deutlich geworden, wo das Geld hinflie\u00dft\u201c, sagt Rocholl. Viel Streit zwischen den Regierungen in Athen und Berlin w\u00e4re vermieden worden \u2013 und auch die deutschen Steuerzahler w\u00e4ren g\u00fcnstiger dabei weggekommen. (s.o. Spiegel online)<\/span><\/p>\n<p><span style=\"font-size: 10pt;\">Man muss allerdings hinzuf\u00fcgen, dass der ESMT-Pr\u00e4sident J\u00f6rg Rocholl (laut S\u00fcddeutsche, 4.5. 2016: Wo die Milliarden f\u00fcr Griechenland landeten) forderte, dass weitere Kreditzahlungen an Griechenland an strikte Auflagen gekn\u00fcpft werden sollten, um sicherzustellen, dass das Geld wirklich hilft, das Land zu\u00a0modernisieren.<\/span><\/p>\n<p><span style=\"font-size: 10pt;\">Die Studie ist komplett nachzulesen unter <a href=\"https:\/\/www.esmt.org\/where-did-greek-bailout-money-go\">https:\/\/www.esmt.org\/where-did-greek-bailout-money-go<\/a><\/span><\/p>\n<p><span style=\"font-size: 10pt;\">Reiner Schiller-Dickhut<\/span><\/p>\n<p>&nbsp;<\/p>\n<p>&nbsp;<\/p>\n","protected":false},"excerpt":{"rendered":"<p>Yannis Varoufakis sagte es, zahlreiche amerikanische Nobelpreistr\u00e4ger beklagten es, Ulrike Hermann hat es in zahlreichen Talkshows erkl\u00e4rt, die deutsche Griechenlandsolidarit\u00e4t sagt es ohnehin: \u201eDie Griechenland-Hilfen retteten fast nur Banken.\u201c\u00a0<\/p>\n","protected":false},"author":1,"featured_media":0,"parent":0,"menu_order":0,"comment_status":"closed","ping_status":"closed","template":"","meta":{"footnotes":""},"class_list":["post-1404","page","type-page","status-publish","hentry"],"_links":{"self":[{"href":"https:\/\/xn--respekt-fr-griechenland-kpc.de\/index.php?rest_route=\/wp\/v2\/pages\/1404","targetHints":{"allow":["GET"]}}],"collection":[{"href":"https:\/\/xn--respekt-fr-griechenland-kpc.de\/index.php?rest_route=\/wp\/v2\/pages"}],"about":[{"href":"https:\/\/xn--respekt-fr-griechenland-kpc.de\/index.php?rest_route=\/wp\/v2\/types\/page"}],"author":[{"embeddable":true,"href":"https:\/\/xn--respekt-fr-griechenland-kpc.de\/index.php?rest_route=\/wp\/v2\/users\/1"}],"replies":[{"embeddable":true,"href":"https:\/\/xn--respekt-fr-griechenland-kpc.de\/index.php?rest_route=%2Fwp%2Fv2%2Fcomments&post=1404"}],"version-history":[{"count":6,"href":"https:\/\/xn--respekt-fr-griechenland-kpc.de\/index.php?rest_route=\/wp\/v2\/pages\/1404\/revisions"}],"predecessor-version":[{"id":1439,"href":"https:\/\/xn--respekt-fr-griechenland-kpc.de\/index.php?rest_route=\/wp\/v2\/pages\/1404\/revisions\/1439"}],"wp:attachment":[{"href":"https:\/\/xn--respekt-fr-griechenland-kpc.de\/index.php?rest_route=%2Fwp%2Fv2%2Fmedia&parent=1404"}],"curies":[{"name":"wp","href":"https:\/\/api.w.org\/{rel}","templated":true}]}}