{"id":14,"date":"2018-05-11T23:12:49","date_gmt":"2018-05-11T21:12:49","guid":{"rendered":"http:\/\/s645644365.online.de\/?page_id=14"},"modified":"2025-08-01T19:07:43","modified_gmt":"2025-08-01T17:07:43","slug":"startseite","status":"publish","type":"page","link":"https:\/\/xn--respekt-fr-griechenland-kpc.de\/","title":{"rendered":"Hier informieren"},"content":{"rendered":"<h5><strong>&#8211; vor Ort unterst\u00fctzen<\/strong><\/h5>\n<p>Im M\u00e4rz 2015 fanden sich in Berlin partei\u00fcbergreifend B\u00fcrgerinnen und B\u00fcrger unter dem Namen \u201eRespekt f\u00fcr Griechenland\u201c zusammen, zun\u00e4chst als Initiative, sp\u00e4ter auch als Verein. Wir wollen die kritische Auseinandersetzung mit der deutschen und europ\u00e4ischen Politik gegen\u00fcber Griechenland verst\u00e4rken, Kooperationen einleiten und Selbsthilfeprojekte vor Ort unterst\u00fctzen.<\/p>\n<p>Respekt f\u00fcr Griechenland<br \/>\n\u00b0 l\u00e4dt zu Veranstaltungen zu Griechenland und Europa ein<br \/>\n\u00b0 entsendet Freiwillige zur Mithilfe in der Fl\u00fcchtlingsarbeit nach Lesbos, Athen und Thessaloniki<br \/>\n\u00b0 kooperiert zu Klimaschutz und Energiesparen mit griechischen Partnern an mehreren Orten<br \/>\n\u00b0 hat \u201eSoliOli\u201c zur Direktvermarktung griechischer Produkte mit entwickelt und unterst\u00fctzt weitere Selbsthilfeprojekte<br \/>\n\u00b0 macht die Kampagne \u201eDeutsche Kriegsschuld und Verpflichtungen gegen\u00fcber Griechenland\u201c<\/p>\n<p><strong>Flyer: Information und solidarische Praxis:<\/strong>\u00a0 <a href=\"https:\/\/xn--respekt-fr-griechenland-kpc.de\/wp-content\/uploads\/2024\/05\/RfG-Flyer_April2024.pdf\">deutsch<\/a>\u00a0 <a href=\"https:\/\/xn--respekt-fr-griechenland-kpc.de\/wp-content\/uploads\/2022\/01\/GR-Flyer_RfG_11-2021.pdf\">griechisch<\/a>\u00a0 <a href=\"https:\/\/xn--respekt-fr-griechenland-kpc.de\/wp-content\/uploads\/2022\/01\/EN-Flyer_RfG_11-2021.pdf\">englisch<\/a><\/p>\n<p><strong>Registrierung und Gemeinn\u00fctzigkeit:<\/strong><br \/>\n\u201eRespekt f\u00fcr Griechenland e.V.\u201c wurde am 14. 06. 2016 in das Vereinsregister des Amtsgerichts Charlottenburg eingetragen (Gesch\u00e4ftsnummer: VR 350 40 B) und am 2. September 2021 vom Finanzamt f\u00fcr K\u00f6rperschaften I Berlin als gemeinn\u00fctzig anerkannt (Steuernummer: 27\/ 676\/ 52054).<\/p>\n<p><strong>Satzung:<\/strong> <a href=\"https:\/\/xn--respekt-fr-griechenland-kpc.de\/wp-content\/uploads\/2021\/10\/Satzung_RfG_2020.pdf\">deutsch<\/a>\u00a0 und <a href=\"https:\/\/xn--respekt-fr-griechenland-kpc.de\/wp-content\/uploads\/2021\/10\/Satzung_RfG-2020-griechischeFassung.pdf\">griechisch<\/a>\u00a0 <strong><span style=\"color: #0000ff;\"><span style=\"font-family: Times New Roman, serif;\"><span style=\"font-size: medium;\"><br \/>\n<\/span><\/span><\/span><\/strong><\/p>\n<p><strong>Vorstand<\/strong>:<br \/>\nHerbert Nebel, Mobil: 0175 \/ 296 88 73 \/<a href=\"mailto:herbert.nebel@respekt-fuer-griechenland.de\">herbert.nebel@respekt-fuer-griechenland.de<\/a><br \/>\nReiner Schiller-Dickhut, Mobil: 0176 \/ 21 00 57 47 \/ <a href=\"mailto:reiner.schiller-dickhut@respekt-fuer-griechenland.de\">reiner.schiller-dickhut@respekt-fuer-griechenland.de<\/a><br \/>\nHilde Schramm, Tel: 030\/ 833 44 72 \/ \u00a0<a href=\"mailto:hilde.schramm@respekt-fuer-griechenland.de\">hilde.schramm@respekt-fuer-griechenland.de<\/a><\/p>\n<p><strong>Postanschrift:<\/strong> Respekt f\u00fcr Griechenland e.V., Beerenstra\u00dfe 39, 14163 Berlin<\/p>\n<p><strong>Zweigstelle in Griechenland \/ \u03a0\u03b1\u03c1\u03ac\u03c1\u03c4\u03b7\u03bc\u03b1 \u03c3\u03c4\u03b7\u03bd \u0395\u03bb\u03bb\u03ac\u03b4\u03b1:<\/strong><br \/>\n\u00b0 Kriegsschuld: Lingiades, Pente Ekklesies (Uzdina), Kommeno \/ \u0393\u03b5\u03c1\u03bc\u03b1\u03bd\u03b9\u03ba\u03b7\u0301 \u03b5\u03c5\u03b8\u03c5\u0301\u03bd\u03b7 \u03b3\u03b9\u03b1 \u03c4\u03bf\u03bd \u03c0\u03bf\u0301\u03bb\u03b5\u03bc\u03bf \u03ba\u03b1\u03b9 \u03c5\u03c0\u03bf\u03c7\u03c1\u03b5\u03c9\u0301\u03c3\u03b5\u03b9\u03c2 \u03b5\u0301\u03bd\u03b1\u03bd\u03c4\u03b9 \u03c4\u03b7\u03c2 \u0395\u03bb\u03bb\u03b1\u0301\u03b4\u03b1\u03c2: \u039b\u03b9\u03b3\u03ba\u03b9\u03b1\u03b4\u03b5\u03c3, \u03a0\u03b5\u03bd\u03c4\u03b5 \u0395\u03ba\u03ba\u03bb\u03b7\u03c3\u03b9\u03b5\u03c3 (\u039f\u03c3\u03b4\u03b9\u03bd\u03b1), \u039a\u03bf\u03bc\u03bc\u03ad\u03bd\u03bf<br \/>\n\u00b0 Fl\u00fcchtlingsarbeit: u.a. in Athen \/ \u03a5\u03c0\u03bf\u03c3\u03c4\u03ae\u03c1\u03b9\u03be\u03b7 \u03c4\u03c9\u03bd \u03c0\u03c1\u03bf\u03c3\u03c6\u03cd\u03b3\u03c9\u03bd: \u03c0.\u03c7. \u03c3\u03c4\u03b7\u03bd \u0391\u03b8\u03ae\u03bd\u03b1<\/p>\n<p><span style=\"text-decoration: underline;\">Postanschrift GR:<\/span> Respekt f\u00fcr Griechenland e.V (Rethimnou 9, GR 10682 Athen)<br \/>\n\u0394\u03b9\u03b5\u03cd\u03b8\u03c5\u03bd\u03c3\u03b7: \u03a3\u03b5\u03b2\u03b1\u03c3\u03bc\u03cc\u03c2 \u03b3\u03b9\u03b1 \u03c4\u03b7\u03bd \u0395\u03bb\u03bb\u03ac\u03b4\u03b1 \u03b5\u03b3\u03b3\u03b5\u03b3\u03c1\u03b1\u03bc\u03bc\u03ad\u03bd\u03bf \u03c3\u03c9\u03bc\u03b1\u03c4\u03b5\u03af\u03bf (\u03a1\u03b5\u03b8\u03cd\u03bc\u03bd\u03bf\u03c5 9, 10682 \u0391\u03b8\u03ae\u03bd\u03b1 \u0391\u03c4\u03c4\u03b9\u03ba\u03ae\u03c2)<\/p>\n<p><span style=\"text-decoration: underline;\">Kontakt GR \/ \u0395\u03c0\u03b9\u03ba\u03bf\u03b9\u03bd\u03c9\u03bd\u03af\u03b1:<\/span><br \/>\nAmar Ba\u0161i\u0107, Projektleiter \/ \u03a5\u03c0\u03b5\u03cd\u03b8\u03c5\u03bd\u03bf\u03c2 \u03ad\u03c1\u03b3\u03bf\u03c5<br \/>\n<a href=\"mailto:amar.basic@respekt-fuer-griechenland.de\">amar.basic@respekt-fuer-griechenland.de<\/a><br \/>\nTel. \/ \u03a4\u03b7\u03bb. : 0030 698 3701487<\/p>\n<p><strong>Spendenkonten \/ GLS Bank \/ Konteninhaber: Respekt f\u00fcr Griechenland e.V.<\/strong><br \/>\nAllgemeines Spendenkonto:\u00a0 IBAN \u00a0DE42 4306 0967 1175 7746 01<br \/>\nSpendenkonto Fl\u00fcchtlingshilfe:\u00a0 IBAN\u00a0 DE15 4306 0967 1175 7746 02<br \/>\nSpendenkonto Umweltschutz:\u00a0 IBAN\u00a0 DE85 4306 0967 1175 7746 03<br \/>\nSpendenkonto Kriegsschuld:\u00a0 IBAN\u00a0 DE58 4306 0967 1175 7746 04<br \/>\nBIC f\u00fcr <span style=\"text-decoration: underline;\">alle aufgef\u00fchrten Konten<\/span>: GENODEM1GLS<\/p>\n<p>Wir treffen uns in der Regel jeden ersten Dienstag im Monat um 18:00 Uhr in den R\u00e4umen der Hellenischen Gemeinde zu Berlin, Mittelstra\u00dfe 33, 12167 Berlin (N\u00e4he S- und U-Bahn-Rathaus Steglitz).<br \/>\nAndere Treffpunkte sind m\u00f6glich, siehe Terminplan! Die monatlichenTreffen sind offen f\u00fcr alle.<br \/>\n<a href=\"https:\/\/xn--respekt-fr-griechenland-kpc.de\/?page_id=79\">Terminplan<\/a><\/p>\n<p><a href=\"https:\/\/xn--respekt-fr-griechenland-kpc.de\/?p=5586\"><strong>Diese Seite in Englisch<\/strong><\/a><\/p>\n<p>Berlin, Stand November 2024<br \/>\n____________________<br \/>\nDas Website-Headerfoto ist ein Ausschnitt des folgenden Fotos von Socrates Baltagiannis\/dpa Picture-Alliance GmbH vom 16.07.2015: Passanten lesen die Schlagzeilen der Tageszeitungen an einem Kiosk in Athen nach dem Sparpaket-Votum.<\/p>\n<p><img loading=\"lazy\" decoding=\"async\" class=\" wp-image-1272\" src=\"http:\/\/test1.xn--respekt-fr-griechenland-kpc.de\/wp-content\/uploads\/2016\/10\/60130230-lizenzfoto-300x200.jpg\" alt=\"People reading the newspapers headlines at a kiosk in Athens, Greece on the 16th of July 2015. Photo: Socrates Baltagiannis\/dpa (zu dpa-Korr \u00abNach Sparpaket-Votum: Griechen wachen in neuer Realit\u00e4t auf\u00bb vom 16.07.2015) | Verwendung weltweit\" width=\"652\" height=\"434\" srcset=\"https:\/\/xn--respekt-fr-griechenland-kpc.de\/wp-content\/uploads\/2016\/10\/60130230-lizenzfoto-300x200.jpg 300w, https:\/\/xn--respekt-fr-griechenland-kpc.de\/wp-content\/uploads\/2016\/10\/60130230-lizenzfoto-768x512.jpg 768w, https:\/\/xn--respekt-fr-griechenland-kpc.de\/wp-content\/uploads\/2016\/10\/60130230-lizenzfoto-1024x683.jpg 1024w, https:\/\/xn--respekt-fr-griechenland-kpc.de\/wp-content\/uploads\/2016\/10\/60130230-lizenzfoto-1200x800.jpg 1200w\" sizes=\"auto, (max-width: 652px) 85vw, 652px\" \/><\/p>\n","protected":false},"excerpt":{"rendered":"<p>&#8211; vor Ort unterst\u00fctzen Im M\u00e4rz 2015 fanden sich in Berlin partei\u00fcbergreifend B\u00fcrgerinnen und B\u00fcrger unter dem Namen \u201eRespekt f\u00fcr Griechenland\u201c zusammen, zun\u00e4chst als Initiative, sp\u00e4ter auch als Verein. Wir wollen die kritische Auseinandersetzung mit der deutschen und europ\u00e4ischen Politik gegen\u00fcber Griechenland verst\u00e4rken, Kooperationen einleiten und Selbsthilfeprojekte vor Ort unterst\u00fctzen. Respekt f\u00fcr Griechenland \u00b0 l\u00e4dt &hellip; <a href=\"https:\/\/xn--respekt-fr-griechenland-kpc.de\/\" class=\"more-link\"><span class=\"screen-reader-text\">\u201eHier informieren\u201c<\/span> weiterlesen<\/a><\/p>\n","protected":false},"author":1,"featured_media":0,"parent":0,"menu_order":0,"comment_status":"closed","ping_status":"closed","template":"","meta":{"footnotes":""},"class_list":["post-14","page","type-page","status-publish","hentry"],"_links":{"self":[{"href":"https:\/\/xn--respekt-fr-griechenland-kpc.de\/index.php?rest_route=\/wp\/v2\/pages\/14","targetHints":{"allow":["GET"]}}],"collection":[{"href":"https:\/\/xn--respekt-fr-griechenland-kpc.de\/index.php?rest_route=\/wp\/v2\/pages"}],"about":[{"href":"https:\/\/xn--respekt-fr-griechenland-kpc.de\/index.php?rest_route=\/wp\/v2\/types\/page"}],"author":[{"embeddable":true,"href":"https:\/\/xn--respekt-fr-griechenland-kpc.de\/index.php?rest_route=\/wp\/v2\/users\/1"}],"replies":[{"embeddable":true,"href":"https:\/\/xn--respekt-fr-griechenland-kpc.de\/index.php?rest_route=%2Fwp%2Fv2%2Fcomments&post=14"}],"version-history":[{"count":184,"href":"https:\/\/xn--respekt-fr-griechenland-kpc.de\/index.php?rest_route=\/wp\/v2\/pages\/14\/revisions"}],"predecessor-version":[{"id":7031,"href":"https:\/\/xn--respekt-fr-griechenland-kpc.de\/index.php?rest_route=\/wp\/v2\/pages\/14\/revisions\/7031"}],"wp:attachment":[{"href":"https:\/\/xn--respekt-fr-griechenland-kpc.de\/index.php?rest_route=%2Fwp%2Fv2%2Fmedia&parent=14"}],"curies":[{"name":"wp","href":"https:\/\/api.w.org\/{rel}","templated":true}]}}